{"id":43144,"date":"2024-12-06T08:29:36","date_gmt":"2024-12-06T08:29:36","guid":{"rendered":"https:\/\/theme-dev.cmsmasters.net\/healing-vibes\/?page_id=43144"},"modified":"2025-08-26T09:26:53","modified_gmt":"2025-08-26T15:26:53","slug":"nuestros-cursos","status":"publish","type":"page","link":"https:\/\/angelesconadriana.com\/es\/nuestros-cursos\/","title":{"rendered":"Nuestros cursos"},"content":{"rendered":"\t\t<div data-elementor-type=\"wp-page\" data-elementor-id=\"43144\" class=\"elementor elementor-43144\">\n\t\t\t\t<section class=\"elementor-element elementor-element-36354dd7 e-con-full e-flex cmsmasters-bg-hide-none cmsmasters-bg-hide-none cmsmasters-block-default e-con e-parent\" data-id=\"36354dd7\" data-element_type=\"container\" data-settings=\"{&quot;background_background&quot;:&quot;classic&quot;}\">\n\t\t<div class=\"elementor-element elementor-element-13674b29 e-flex e-con-boxed cmsmasters-block-default e-con e-child\" data-id=\"13674b29\" data-element_type=\"container\">\n\t\t\t\t\t<div class=\"e-con-inner\">\n\t\t\t\t<div class=\"elementor-element elementor-element-3d36036c cmsmasters-block-default cmsmasters-sticky-default elementor-invisible elementor-widget elementor-widget-heading\" data-id=\"3d36036c\" data-element_type=\"widget\" data-settings=\"{&quot;_animation&quot;:&quot;fadeIn&quot;}\" data-widget_type=\"heading.default\">\n\t\t\t\t\t<h1 class=\"elementor-heading-title elementor-size-default\">Cursos<\/h1>\t\t\t\t<\/div>\n\t\t\t\t\t<\/div>\n\t\t\t\t<\/div>\n\t\t\t\t<\/section>\n\t\t<section class=\"elementor-element elementor-element-21f0bcb9 e-flex e-con-boxed cmsmasters-block-default e-con e-parent\" data-id=\"21f0bcb9\" data-element_type=\"container\" data-settings=\"{&quot;background_background&quot;:&quot;classic&quot;}\">\n\t\t\t\t\t<div class=\"e-con-inner\">\n\t\t\t\t<div class=\"elementor-element elementor-element-3fc574fb elementor-widget__width-inherit cmsmasters-block-default cmsmasters-sticky-default elementor-invisible elementor-widget elementor-widget-heading\" data-id=\"3fc574fb\" data-element_type=\"widget\" data-settings=\"{&quot;_animation&quot;:&quot;fadeIn&quot;}\" data-widget_type=\"heading.default\">\n\t\t\t\t\t<h2 class=\"elementor-heading-title elementor-size-default\">Sanar, sentir y fluir: Cursos de reconexi\u00f3n espiritual<\/h2>\t\t\t\t<\/div>\n\t\t<div class=\"elementor-element elementor-element-52ac5c68 e-con-full e-flex cmsmasters-block-default e-con e-child\" data-id=\"52ac5c68\" data-element_type=\"container\">\n\t\t<div class=\"elementor-element elementor-element-39bc3f4c e-con-full e-flex cmsmasters-block-default elementor-invisible e-con e-child\" data-id=\"39bc3f4c\" data-element_type=\"container\" data-settings=\"{&quot;animation&quot;:&quot;fadeIn&quot;}\">\n\t\t\t\t<div class=\"elementor-element elementor-element-e3a427a cmsmasters-block-default cmsmasters-sticky-default elementor-widget elementor-widget-image\" data-id=\"e3a427a\" data-element_type=\"widget\" data-widget_type=\"image.default\">\n\t\t\t\t\t\t\t\t\t\t\t\t\t\t\t\t<a href=\"https:\/\/angelesconadriana.com\/es\/cursos\/entre-el-cielo-y-tu\/\">\n\t\t\t\t\t\t\t<img fetchpriority=\"high\" decoding=\"async\" width=\"600\" height=\"390\" src=\"https:\/\/angelesconadriana.com\/wp-content\/uploads\/2025\/08\/Entre-el-cielo-y-tu-Curso.jpg\" class=\"attachment-large size-large wp-image-46277\" alt=\"\" srcset=\"https:\/\/angelesconadriana.com\/wp-content\/uploads\/2025\/08\/Entre-el-cielo-y-tu-Curso.jpg 600w, https:\/\/angelesconadriana.com\/wp-content\/uploads\/2025\/08\/Entre-el-cielo-y-tu-Curso-300x195.jpg 300w, https:\/\/angelesconadriana.com\/wp-content\/uploads\/2025\/08\/Entre-el-cielo-y-tu-Curso-18x12.jpg 18w, https:\/\/angelesconadriana.com\/wp-content\/uploads\/2025\/08\/Entre-el-cielo-y-tu-Curso-462x300.jpg 462w\" sizes=\"(max-width: 600px) 100vw, 600px\" \/>\t\t\t\t\t\t\t\t<\/a>\n\t\t\t\t\t\t\t\t\t\t\t\t\t\t\t<\/div>\n\t\t<div class=\"elementor-element elementor-element-1978f0aa e-con-full e-flex cmsmasters-block-default e-con e-child\" data-id=\"1978f0aa\" data-element_type=\"container\" data-settings=\"{&quot;background_background&quot;:&quot;classic&quot;}\">\n\t\t<div class=\"elementor-element elementor-element-2854570b e-con-full e-flex cmsmasters-block-default e-con e-child\" data-id=\"2854570b\" data-element_type=\"container\">\n\t\t\t\t<div class=\"elementor-element elementor-element-58501eee cmsmasters-block-default cmsmasters-sticky-default elementor-widget elementor-widget-text-editor\" data-id=\"58501eee\" data-element_type=\"widget\" data-widget_type=\"text-editor.default\">\n\t\t\t\t\t\t\t\t\tPrecio:\t\t\t\t\t\t\t\t<\/div>\n\t\t\t\t<div class=\"elementor-element elementor-element-61a97961 cmsmasters-block-default cmsmasters-sticky-default elementor-widget elementor-widget-text-editor\" data-id=\"61a97961\" data-element_type=\"widget\" data-widget_type=\"text-editor.default\">\n\t\t\t\t\t\t\t\t\t$44\t\t\t\t\t\t\t\t<\/div>\n\t\t\t\t<\/div>\n\t\t<div class=\"elementor-element elementor-element-2e04c749 e-con-full e-flex cmsmasters-block-default e-con e-child\" data-id=\"2e04c749\" data-element_type=\"container\">\n\t\t\t\t<div class=\"elementor-element elementor-element-118911e1 cmsmasters-block-default cmsmasters-sticky-default elementor-widget elementor-widget-text-editor\" data-id=\"118911e1\" data-element_type=\"widget\" data-widget_type=\"text-editor.default\">\n\t\t\t\t\t\t\t\t\tDuraci\u00f3n:\t\t\t\t\t\t\t\t<\/div>\n\t\t\t\t<div class=\"elementor-element elementor-element-347b4a3b cmsmasters-block-default cmsmasters-sticky-default elementor-widget elementor-widget-text-editor\" data-id=\"347b4a3b\" data-element_type=\"widget\" data-widget_type=\"text-editor.default\">\n\t\t\t\t\t\t\t\t\t21 d\u00edas\t\t\t\t\t\t\t\t<\/div>\n\t\t\t\t<\/div>\n\t\t<div class=\"elementor-element elementor-element-7e5c1732 e-con-full e-flex cmsmasters-block-default e-con e-child\" data-id=\"7e5c1732\" data-element_type=\"container\">\n\t\t\t\t<div class=\"elementor-element elementor-element-6011e973 cmsmasters-block-default cmsmasters-sticky-default elementor-widget elementor-widget-text-editor\" data-id=\"6011e973\" data-element_type=\"widget\" data-widget_type=\"text-editor.default\">\n\t\t\t\t\t\t\t\t\tModalidad:\t\t\t\t\t\t\t\t<\/div>\n\t\t\t\t<div class=\"elementor-element elementor-element-167b8d9c cmsmasters-block-default cmsmasters-sticky-default elementor-widget elementor-widget-text-editor\" data-id=\"167b8d9c\" data-element_type=\"widget\" data-widget_type=\"text-editor.default\">\n\t\t\t\t\t\t\t\t\tOnline\t\t\t\t\t\t\t\t<\/div>\n\t\t\t\t<\/div>\n\t\t\t\t<\/div>\n\t\t\t\t<div class=\"elementor-element elementor-element-7790ffb3 cmsmasters-block-default cmsmasters-sticky-default elementor-widget elementor-widget-heading\" data-id=\"7790ffb3\" data-element_type=\"widget\" data-widget_type=\"heading.default\">\n\t\t\t\t\t<h3 class=\"elementor-heading-title elementor-size-default\"><a href=\"https:\/\/angelesconadriana.com\/es\/cursos\/entre-el-cielo-y-tu\/\">Entre el Cielo y T\u00fa<\/a><\/h3>\t\t\t\t<\/div>\n\t\t\t\t<div class=\"elementor-element elementor-element-7e0dbacc cmsmasters-icon-arrangement-together cmsmasters-block-default cmsmasters-sticky-default elementor-invisible elementor-widget elementor-widget-cmsmasters-button\" data-id=\"7e0dbacc\" data-element_type=\"widget\" data-settings=\"{&quot;_animation&quot;:&quot;fadeIn&quot;,&quot;_animation_delay&quot;:600}\" data-widget_type=\"cmsmasters-button.default\">\n\t\t\t\t\t<div class=\"elementor-widget-cmsmasters-button__button-container\"><div class=\"elementor-widget-cmsmasters-button__button-container-inner\"><a href=\"https:\/\/angelesconadriana.com\/es\/cursos\/entre-el-cielo-y-tu\/\" class=\"cmsmasters-button-link elementor-widget-cmsmasters-button__button cmsmasters-icon-view-default cmsmasters-icon-shape- cmsmasters-button-size-sm\" role=\"button\" tabindex=\"0\"><span class=\"elementor-widget-cmsmasters-button__content-wrapper cmsmasters-align-icon-right\"><span class=\"elementor-widget-cmsmasters-button__icon\"><i aria-hidden=\"true\" class=\"cmsmsdemo-icon- cmsms-demo-icon-bullet\"><\/i><\/span><span class=\"elementor-widget-cmsmasters-button__text\">Comienza aqu\u00ed <\/span><\/span><\/a><\/div><\/div>\t\t\t\t<\/div>\n\t\t\t\t<\/div>\n\t\t<div class=\"elementor-element elementor-element-8bdaceb e-con-full e-flex cmsmasters-block-default elementor-invisible e-con e-child\" data-id=\"8bdaceb\" data-element_type=\"container\" data-settings=\"{&quot;animation&quot;:&quot;fadeIn&quot;}\">\n\t\t\t\t<div class=\"elementor-element elementor-element-8dee2b2 cmsmasters-block-default cmsmasters-sticky-default elementor-widget elementor-widget-image\" data-id=\"8dee2b2\" data-element_type=\"widget\" data-widget_type=\"image.default\">\n\t\t\t\t\t\t\t\t\t\t\t\t\t\t\t\t<a href=\"https:\/\/angelesconadriana.com\/es\/cursos\/mapa-de-sueno-con-los-angeles-y-ano-personal-2024\/\">\n\t\t\t\t\t\t\t<img decoding=\"async\" width=\"600\" height=\"390\" src=\"https:\/\/angelesconadriana.com\/wp-content\/uploads\/2025\/08\/adri-img-29.jpg\" class=\"attachment-large size-large wp-image-45577\" alt=\"\" srcset=\"https:\/\/angelesconadriana.com\/wp-content\/uploads\/2025\/08\/adri-img-29.jpg 600w, https:\/\/angelesconadriana.com\/wp-content\/uploads\/2025\/08\/adri-img-29-300x195.jpg 300w, https:\/\/angelesconadriana.com\/wp-content\/uploads\/2025\/08\/adri-img-29-462x300.jpg 462w\" sizes=\"(max-width: 600px) 100vw, 600px\" \/>\t\t\t\t\t\t\t\t<\/a>\n\t\t\t\t\t\t\t\t\t\t\t\t\t\t\t<\/div>\n\t\t<div class=\"elementor-element elementor-element-89db7b1 e-con-full e-flex cmsmasters-block-default e-con e-child\" data-id=\"89db7b1\" data-element_type=\"container\" data-settings=\"{&quot;background_background&quot;:&quot;classic&quot;}\">\n\t\t<div class=\"elementor-element elementor-element-1eacc23 e-con-full e-flex cmsmasters-block-default e-con e-child\" data-id=\"1eacc23\" data-element_type=\"container\">\n\t\t\t\t<div class=\"elementor-element elementor-element-ed26c2f cmsmasters-block-default cmsmasters-sticky-default elementor-widget elementor-widget-text-editor\" data-id=\"ed26c2f\" data-element_type=\"widget\" data-widget_type=\"text-editor.default\">\n\t\t\t\t\t\t\t\t\tPrecio:\t\t\t\t\t\t\t\t<\/div>\n\t\t\t\t<div class=\"elementor-element elementor-element-92fa8ec cmsmasters-block-default cmsmasters-sticky-default elementor-widget elementor-widget-text-editor\" data-id=\"92fa8ec\" data-element_type=\"widget\" data-widget_type=\"text-editor.default\">\n\t\t\t\t\t\t\t\t\tGratis\t\t\t\t\t\t\t\t<\/div>\n\t\t\t\t<\/div>\n\t\t<div class=\"elementor-element elementor-element-3a869a8 e-con-full e-flex cmsmasters-block-default e-con e-child\" data-id=\"3a869a8\" data-element_type=\"container\">\n\t\t\t\t<div class=\"elementor-element elementor-element-63b3539 cmsmasters-block-default cmsmasters-sticky-default elementor-widget elementor-widget-text-editor\" data-id=\"63b3539\" data-element_type=\"widget\" data-widget_type=\"text-editor.default\">\n\t\t\t\t\t\t\t\t\tDuraci\u00f3n:\t\t\t\t\t\t\t\t<\/div>\n\t\t\t\t<div class=\"elementor-element elementor-element-05f652b cmsmasters-block-default cmsmasters-sticky-default elementor-widget elementor-widget-text-editor\" data-id=\"05f652b\" data-element_type=\"widget\" data-widget_type=\"text-editor.default\">\n\t\t\t\t\t\t\t\t\t2:30 hs\t\t\t\t\t\t\t\t<\/div>\n\t\t\t\t<\/div>\n\t\t<div class=\"elementor-element elementor-element-90645fe e-con-full e-flex cmsmasters-block-default e-con e-child\" data-id=\"90645fe\" data-element_type=\"container\">\n\t\t\t\t<div class=\"elementor-element elementor-element-cb40f8b cmsmasters-block-default cmsmasters-sticky-default elementor-widget elementor-widget-text-editor\" data-id=\"cb40f8b\" data-element_type=\"widget\" data-widget_type=\"text-editor.default\">\n\t\t\t\t\t\t\t\t\tModalidad:\t\t\t\t\t\t\t\t<\/div>\n\t\t\t\t<div class=\"elementor-element elementor-element-f4697b5 cmsmasters-block-default cmsmasters-sticky-default elementor-widget elementor-widget-text-editor\" data-id=\"f4697b5\" data-element_type=\"widget\" data-widget_type=\"text-editor.default\">\n\t\t\t\t\t\t\t\t\tOnline\t\t\t\t\t\t\t\t<\/div>\n\t\t\t\t<\/div>\n\t\t\t\t<\/div>\n\t\t\t\t<div class=\"elementor-element elementor-element-a7b02f3 cmsmasters-block-default cmsmasters-sticky-default elementor-widget elementor-widget-heading\" data-id=\"a7b02f3\" data-element_type=\"widget\" data-widget_type=\"heading.default\">\n\t\t\t\t\t<h3 class=\"elementor-heading-title elementor-size-default\"><a href=\"https:\/\/angelesconadriana.com\/es\/cursos\/mapa-de-sueno-con-los-angeles-y-ano-personal-2024\/\">Mapa de sue\u00f1o con los \u00c1ngeles y a\u00f1o personal 2024<\/a><\/h3>\t\t\t\t<\/div>\n\t\t\t\t<div class=\"elementor-element elementor-element-40e4502 cmsmasters-icon-arrangement-together cmsmasters-block-default cmsmasters-sticky-default elementor-invisible elementor-widget elementor-widget-cmsmasters-button\" data-id=\"40e4502\" data-element_type=\"widget\" data-settings=\"{&quot;_animation&quot;:&quot;fadeIn&quot;,&quot;_animation_delay&quot;:600}\" data-widget_type=\"cmsmasters-button.default\">\n\t\t\t\t\t<div class=\"elementor-widget-cmsmasters-button__button-container\"><div class=\"elementor-widget-cmsmasters-button__button-container-inner\"><a href=\"https:\/\/angelesconadriana.com\/es\/cursos\/mapa-de-sueno-con-los-angeles-y-ano-personal-2024\/\" class=\"cmsmasters-button-link elementor-widget-cmsmasters-button__button cmsmasters-icon-view-default cmsmasters-icon-shape- cmsmasters-button-size-sm\" role=\"button\" tabindex=\"0\"><span class=\"elementor-widget-cmsmasters-button__content-wrapper cmsmasters-align-icon-right\"><span class=\"elementor-widget-cmsmasters-button__icon\"><i aria-hidden=\"true\" class=\"cmsmsdemo-icon- cmsms-demo-icon-bullet\"><\/i><\/span><span class=\"elementor-widget-cmsmasters-button__text\">Comienza aqu\u00ed <\/span><\/span><\/a><\/div><\/div>\t\t\t\t<\/div>\n\t\t\t\t<\/div>\n\t\t\t\t<\/div>\n\t\t\t\t\t<\/div>\n\t\t\t\t<\/section>\n\t\t\t\t<\/div>\n\t\t","protected":false},"excerpt":{"rendered":"<p>Cursos Sanar, sentir y fluir: Cursos de reconexi\u00f3n espiritual Precio:$44Duraci\u00f3n:21 d\u00edasModalidad:Online Entre el Cielo y T\u00fa Comienza aqu\u00ed Precio:GratisDuraci\u00f3n:2:30 hsModalidad:Online Mapa de sue\u00f1o con los \u00c1ngeles y a\u00f1o personal 2024 Comienza aqu\u00ed<\/p>\n","protected":false},"author":2,"featured_media":0,"parent":0,"menu_order":0,"comment_status":"closed","ping_status":"closed","template":"","meta":{"_acf_changed":false,"footnotes":""},"class_list":["post-43144","page","type-page","status-publish","hentry"],"acf":[],"_links":{"self":[{"href":"https:\/\/angelesconadriana.com\/es\/wp-json\/wp\/v2\/pages\/43144","targetHints":{"allow":["GET"]}}],"collection":[{"href":"https:\/\/angelesconadriana.com\/es\/wp-json\/wp\/v2\/pages"}],"about":[{"href":"https:\/\/angelesconadriana.com\/es\/wp-json\/wp\/v2\/types\/page"}],"author":[{"embeddable":true,"href":"https:\/\/angelesconadriana.com\/es\/wp-json\/wp\/v2\/users\/2"}],"replies":[{"embeddable":true,"href":"https:\/\/angelesconadriana.com\/es\/wp-json\/wp\/v2\/comments?post=43144"}],"version-history":[{"count":62,"href":"https:\/\/angelesconadriana.com\/es\/wp-json\/wp\/v2\/pages\/43144\/revisions"}],"predecessor-version":[{"id":46557,"href":"https:\/\/angelesconadriana.com\/es\/wp-json\/wp\/v2\/pages\/43144\/revisions\/46557"}],"wp:attachment":[{"href":"https:\/\/angelesconadriana.com\/es\/wp-json\/wp\/v2\/media?parent=43144"}],"curies":[{"name":"wp","href":"https:\/\/api.w.org\/{rel}","templated":true}]}}