{"id":45137,"date":"2025-08-02T17:09:34","date_gmt":"2025-08-02T17:09:34","guid":{"rendered":"https:\/\/new.angelesconadriana.com\/?page_id=45137"},"modified":"2025-08-04T08:15:33","modified_gmt":"2025-08-04T14:15:33","slug":"contactanos","status":"publish","type":"page","link":"https:\/\/angelesconadriana.com\/es\/contactanos\/","title":{"rendered":"Cont\u00e1ctanos"},"content":{"rendered":"\t\t<div data-elementor-type=\"wp-page\" data-elementor-id=\"45137\" class=\"elementor elementor-45137\">\n\t\t\t\t<section class=\"elementor-element elementor-element-78afec2a e-con-full e-flex cmsmasters-bg-hide-none cmsmasters-bg-hide-none cmsmasters-block-default e-con e-parent\" data-id=\"78afec2a\" data-element_type=\"container\" data-settings=\"{&quot;background_background&quot;:&quot;classic&quot;}\">\n\t\t<div class=\"elementor-element elementor-element-6dbe71df e-flex e-con-boxed cmsmasters-block-default e-con e-child\" data-id=\"6dbe71df\" data-element_type=\"container\">\n\t\t\t\t\t<div class=\"e-con-inner\">\n\t\t\t\t<div class=\"elementor-element elementor-element-33457f27 cmsmasters-block-default cmsmasters-sticky-default elementor-invisible elementor-widget elementor-widget-heading\" data-id=\"33457f27\" data-element_type=\"widget\" data-settings=\"{&quot;_animation&quot;:&quot;fadeIn&quot;}\" data-widget_type=\"heading.default\">\n\t\t\t\t\t<h1 class=\"elementor-heading-title elementor-size-default\">Cont\u00e1ctanos<\/h1>\t\t\t\t<\/div>\n\t\t\t\t\t<\/div>\n\t\t\t\t<\/div>\n\t\t\t\t<\/section>\n\t\t<section class=\"elementor-element elementor-element-c2e80ea e-flex e-con-boxed cmsmasters-block-default e-con e-parent\" data-id=\"c2e80ea\" data-element_type=\"container\">\n\t\t\t\t\t<div class=\"e-con-inner\">\n\t\t<div class=\"elementor-element elementor-element-67a7d67 e-con-full e-flex cmsmasters-block-default e-con e-child\" data-id=\"67a7d67\" data-element_type=\"container\">\n\t\t\t\t<div class=\"elementor-element elementor-element-8b960af cmsmasters-block-default cmsmasters-sticky-default elementor-invisible elementor-widget elementor-widget-heading\" data-id=\"8b960af\" data-element_type=\"widget\" data-settings=\"{&quot;_animation&quot;:&quot;fadeIn&quot;}\" data-widget_type=\"heading.default\">\n\t\t\t\t\t<h2 class=\"elementor-heading-title elementor-size-default\">Agenda tu sesi\u00f3n<\/h2>\t\t\t\t<\/div>\n\t\t\t\t<div class=\"elementor-element elementor-element-ed32c40 cmsmasters-block-default cmsmasters-sticky-default elementor-invisible elementor-widget elementor-widget-text-editor\" data-id=\"ed32c40\" data-element_type=\"widget\" data-settings=\"{&quot;_animation&quot;:&quot;fadeIn&quot;}\" data-widget_type=\"text-editor.default\">\n\t\t\t\t\t\t\t\t\t<strong>Tu alma te ha tra\u00eddo hasta aqu\u00ed por una raz\u00f3n.<\/strong>\t\t\t\t\t\t\t\t<\/div>\n\t\t\t\t<div class=\"elementor-element elementor-element-1e3d2fa cmsmasters-block-default cmsmasters-sticky-default elementor-invisible elementor-widget elementor-widget-text-editor\" data-id=\"1e3d2fa\" data-element_type=\"widget\" data-settings=\"{&quot;_animation&quot;:&quot;fadeIn&quot;}\" data-widget_type=\"text-editor.default\">\n\t\t\t\t\t\t\t\t\tSi sientes ese llamado interior, es el momento de reconectar con tu luz, recibir gu\u00eda amorosa y abrirte a un nuevo camino de sanaci\u00f3n y claridad.\t\t\t\t\t\t\t\t<\/div>\n\t\t\t\t<div class=\"elementor-element elementor-element-8870e14 cmsmasters-block-default cmsmasters-sticky-default elementor-invisible elementor-widget elementor-widget-text-editor\" data-id=\"8870e14\" data-element_type=\"widget\" data-settings=\"{&quot;_animation&quot;:&quot;fadeIn&quot;}\" data-widget_type=\"text-editor.default\">\n\t\t\t\t\t\t\t\t\tCompleta este formulario y te contactar\u00e9 para coordinar tu sesi\u00f3n personalizada.\t\t\t\t\t\t\t\t<\/div>\n\t\t\t\t<div class=\"elementor-element elementor-element-6b83f6b cmsmasters-block-default cmsmasters-sticky-default elementor-invisible elementor-widget elementor-widget-text-editor\" data-id=\"6b83f6b\" data-element_type=\"widget\" data-settings=\"{&quot;_animation&quot;:&quot;fadeIn&quot;}\" data-widget_type=\"text-editor.default\">\n\t\t\t\t\t\t\t\t\tEst\u00e1s a un paso de vivir una experiencia transformadora, acompa\u00f1ada por los \u00e1ngeles y el amor divino.\t\t\t\t\t\t\t\t<\/div>\n\t\t\t\t<div class=\"elementor-element elementor-element-471f29a cmsmasters-block-default cmsmasters-sticky-default elementor-invisible elementor-widget elementor-widget-text-editor\" data-id=\"471f29a\" data-element_type=\"widget\" data-settings=\"{&quot;_animation&quot;:&quot;fadeIn&quot;}\" data-widget_type=\"text-editor.default\">\n\t\t\t\t\t\t\t\t\t<strong>Recuerda<\/strong>: puedes elegir la sesi\u00f3n que m\u00e1s resuene contigo (Tarot y Or\u00e1culo Angelical, Reiki Angelical, Coaching Espiritual o Mediumnidad).\t\t\t\t\t\t\t\t<\/div>\n\t\t\t\t<\/div>\n\t\t\t\t\t<\/div>\n\t\t\t\t<\/section>\n\t\t<section class=\"elementor-element elementor-element-32f6d61 e-flex e-con-boxed cmsmasters-block-default e-con e-parent\" data-id=\"32f6d61\" data-element_type=\"container\">\n\t\t\t\t\t<div class=\"e-con-inner\">\n\t\t<div class=\"elementor-element elementor-element-90a57e2 e-con-full e-flex cmsmasters-block-default e-con e-child\" data-id=\"90a57e2\" data-element_type=\"container\">\n\t\t\t\t<div class=\"elementor-element elementor-element-7669a1a cmsmasters-block-default cmsmasters-sticky-default elementor-invisible elementor-widget elementor-widget-image\" data-id=\"7669a1a\" data-element_type=\"widget\" data-settings=\"{&quot;_animation&quot;:&quot;fadeIn&quot;}\" data-widget_type=\"image.default\">\n\t\t\t\t\t\t\t\t\t\t\t\t\t\t\t<img fetchpriority=\"high\" decoding=\"async\" width=\"500\" height=\"631\" src=\"https:\/\/angelesconadriana.com\/wp-content\/uploads\/2025\/08\/adri-img-20.jpg\" class=\"attachment-full size-full wp-image-45147\" alt=\"\" srcset=\"https:\/\/angelesconadriana.com\/wp-content\/uploads\/2025\/08\/adri-img-20.jpg 500w, https:\/\/angelesconadriana.com\/wp-content\/uploads\/2025\/08\/adri-img-20-238x300.jpg 238w\" sizes=\"(max-width: 500px) 100vw, 500px\" \/>\t\t\t\t\t\t\t\t\t\t\t\t\t\t\t<\/div>\n\t\t\t\t<\/div>\n\t\t<div class=\"elementor-element elementor-element-97b94ee e-con-full e-flex cmsmasters-block-default e-con e-child\" data-id=\"97b94ee\" data-element_type=\"container\">\n\t\t\t\t<div class=\"elementor-element elementor-element-ec5a42a elementor-widget__width-inherit cmsmasters-block-default cmsmasters-sticky-default elementor-invisible elementor-widget elementor-widget-shortcode\" data-id=\"ec5a42a\" data-element_type=\"widget\" data-settings=\"{&quot;_animation&quot;:&quot;fadeIn&quot;}\" data-widget_type=\"shortcode.default\">\n\t\t\t\t\t\t\t<div class=\"elementor-shortcode\">\n<div class=\"wpcf7 no-js\" id=\"wpcf7-f45142-o1\" lang=\"es-ES\" dir=\"ltr\" data-wpcf7-id=\"45142\">\n<div class=\"screen-reader-response\"><p role=\"status\" aria-live=\"polite\" aria-atomic=\"true\"><\/p> <ul><\/ul><\/div>\n<form action=\"\/es\/wp-json\/wp\/v2\/pages\/45137#wpcf7-f45142-o1\" method=\"post\" class=\"wpcf7-form init\" aria-label=\"Formulario de contacto\" novalidate=\"novalidate\" data-status=\"init\">\n<fieldset class=\"hidden-fields-container\"><input type=\"hidden\" name=\"_wpcf7\" value=\"45142\" \/><input type=\"hidden\" name=\"_wpcf7_version\" value=\"6.1.1\" \/><input type=\"hidden\" name=\"_wpcf7_locale\" value=\"es_ES\" \/><input type=\"hidden\" name=\"_wpcf7_unit_tag\" value=\"wpcf7-f45142-o1\" \/><input type=\"hidden\" name=\"_wpcf7_container_post\" value=\"0\" \/><input type=\"hidden\" name=\"_wpcf7_posted_data_hash\" value=\"\" \/><input type=\"hidden\" name=\"_wpcf7_recaptcha_response\" value=\"\" \/>\n<\/fieldset>\n<div class=\"contact-form\">\n\t<p><span class=\"wpcf7-form-control-wrap\" data-name=\"your-name\"><input size=\"40\" maxlength=\"400\" class=\"wpcf7-form-control wpcf7-text wpcf7-validates-as-required\" aria-required=\"true\" aria-invalid=\"false\" placeholder=\"Nombre completo\" value=\"\" type=\"text\" name=\"your-name\" \/><\/span>\n\t<\/p>\n<\/div>\n<div class=\"contact-form\">\n\t<p><span class=\"wpcf7-form-control-wrap\" data-name=\"your-phone\"><input class=\"wpcf7-form-control wpcf7-number wpcf7-validates-as-required wpcf7-validates-as-number\" aria-required=\"true\" aria-invalid=\"false\" placeholder=\"Prefijo + Tel\u00e9fono\" value=\"\" type=\"number\" name=\"your-phone\" \/><\/span>\n\t<\/p>\n<\/div>\n<div class=\"contact-form\">\n\t<p><span class=\"wpcf7-form-control-wrap\" data-name=\"your-email\"><input size=\"40\" maxlength=\"400\" class=\"wpcf7-form-control wpcf7-text wpcf7-validates-as-required\" aria-required=\"true\" aria-invalid=\"false\" placeholder=\"Correo electr\u00f3nico\" value=\"\" type=\"text\" name=\"your-email\" \/><\/span>\n\t<\/p>\n<\/div>\n<div class=\"contact-form\">\n\t<p><span class=\"wpcf7-form-control-wrap\" data-name=\"your-pais\"><input size=\"40\" maxlength=\"400\" class=\"wpcf7-form-control wpcf7-text wpcf7-validates-as-required\" aria-required=\"true\" aria-invalid=\"false\" placeholder=\"Pa\u00eds y ciudad\" value=\"\" type=\"text\" name=\"your-pais\" \/><\/span>\n\t<\/p>\n<\/div>\n<div class=\"contact-form\">\n\t<p><span class=\"wpcf7-form-control-wrap\" data-name=\"your-sesion\"><select class=\"wpcf7-form-control wpcf7-select wpcf7-validates-as-required\" aria-required=\"true\" aria-invalid=\"false\" name=\"your-sesion\"><option value=\"\u00bfQu\u00e9 tipo de sesi\u00f3n deseas agendar?\">\u00bfQu\u00e9 tipo de sesi\u00f3n deseas agendar?<\/option><option value=\"Lectura de Tarot y Or\u00e1culo Angelical\">Lectura de Tarot y Or\u00e1culo Angelical<\/option><option value=\"Reiki Angelical\">Reiki Angelical<\/option><option value=\"Coaching Espiritual\">Coaching Espiritual<\/option><option value=\"Sesi\u00f3n de Mediumnidad\">Sesi\u00f3n de Mediumnidad<\/option><option value=\"No estoy segura, necesito orientaci\u00f3n\">No estoy segura, necesito orientaci\u00f3n<\/option><\/select><\/span>\n\t<\/p>\n<\/div>\n<div class=\"contact-form\">\n\t<p><span class=\"wpcf7-form-control-wrap\" data-name=\"your-message\"><textarea cols=\"40\" rows=\"10\" maxlength=\"2000\" class=\"wpcf7-form-control wpcf7-textarea\" aria-invalid=\"false\" placeholder=\"\u00bfQu\u00e9 te gustar\u00eda trabajar en esta sesi\u00f3n?\" name=\"your-message\"><\/textarea><\/span>\n\t<\/p>\n<\/div>\n<div class=\"recaptcha\">\n\n<\/div>\n<div class=\"contact-form-btn\">\n\t<p><input class=\"wpcf7-form-control wpcf7-submit has-spinner\" type=\"submit\" value=\"Enviar mensaje\" \/>\n\t<\/p>\n<\/div><div class=\"wpcf7-response-output\" aria-hidden=\"true\"><\/div>\n<\/form>\n<\/div>\n<\/div>\n\t\t\t\t\t\t<\/div>\n\t\t\t\t<\/div>\n\t\t\t\t\t<\/div>\n\t\t\t\t<\/section>\n\t\t\t\t<\/div>\n\t\t","protected":false},"excerpt":{"rendered":"<p>Cont\u00e1ctanos Agenda tu sesi\u00f3n Tu alma te ha tra\u00eddo hasta aqu\u00ed por una raz\u00f3n.Si sientes ese llamado interior, es el momento de reconectar con tu luz, recibir gu\u00eda amorosa y abrirte a un nuevo camino de sanaci\u00f3n y claridad.Completa este formulario y te contactar\u00e9 para coordinar tu sesi\u00f3n personalizada.Est\u00e1s a un paso de vivir una&#8230;<\/p>\n","protected":false},"author":2,"featured_media":0,"parent":0,"menu_order":0,"comment_status":"closed","ping_status":"closed","template":"","meta":{"_acf_changed":false,"footnotes":""},"class_list":["post-45137","page","type-page","status-publish","hentry"],"acf":[],"_links":{"self":[{"href":"https:\/\/angelesconadriana.com\/es\/wp-json\/wp\/v2\/pages\/45137","targetHints":{"allow":["GET"]}}],"collection":[{"href":"https:\/\/angelesconadriana.com\/es\/wp-json\/wp\/v2\/pages"}],"about":[{"href":"https:\/\/angelesconadriana.com\/es\/wp-json\/wp\/v2\/types\/page"}],"author":[{"embeddable":true,"href":"https:\/\/angelesconadriana.com\/es\/wp-json\/wp\/v2\/users\/2"}],"replies":[{"embeddable":true,"href":"https:\/\/angelesconadriana.com\/es\/wp-json\/wp\/v2\/comments?post=45137"}],"version-history":[{"count":22,"href":"https:\/\/angelesconadriana.com\/es\/wp-json\/wp\/v2\/pages\/45137\/revisions"}],"predecessor-version":[{"id":45464,"href":"https:\/\/angelesconadriana.com\/es\/wp-json\/wp\/v2\/pages\/45137\/revisions\/45464"}],"wp:attachment":[{"href":"https:\/\/angelesconadriana.com\/es\/wp-json\/wp\/v2\/media?parent=45137"}],"curies":[{"name":"wp","href":"https:\/\/api.w.org\/{rel}","templated":true}]}}