{"id":34588,"date":"2024-01-19T10:04:09","date_gmt":"2024-01-19T10:04:09","guid":{"rendered":"https:\/\/theme-dev.cmsmasters.net\/dental\/?post_type=product&#038;p=28721"},"modified":"2026-03-05T17:19:19","modified_gmt":"2026-03-05T23:19:19","slug":"lectura-de-tarot-y-oraculo-de-los-angeles","status":"publish","type":"product","link":"https:\/\/angelesconadriana.com\/es\/servicio\/lectura-de-tarot-y-oraculo-de-los-angeles\/","title":{"rendered":"Lectura de Tarot y Or\u00e1culo de los \u00c1ngeles"},"content":{"rendered":"<h3>\u00bfCu\u00e1l es la diferencia entre el Tarot y el Or\u00e1culo de los \u00c1ngeles?<\/h3>\n<p>El Tarot es un conjunto de 78 cartas con una estructura espec\u00edfica, dividida en Arcanos Mayores (22 cartas) y Arcanos Menores (56 cartas). Cada carta representa arquetipos, lecciones y aspectos de nuestra vida que necesitan atenci\u00f3n.<\/p>\n<p>El Or\u00e1culo Angelical, en cambio, no tiene una estructura fija ni un n\u00famero determinado de cartas. Cada mazo es \u00fanico y canalizado por su autor, inspirado por la energ\u00eda de los \u00e1ngeles. Sus mensajes son directos, amorosos y profundamente intuitivos.<\/p>\n<p>Durante la sesi\u00f3n, utilizo ambas herramientas para abrir un canal de comunicaci\u00f3n con tus \u00e1ngeles, arc\u00e1ngeles y gu\u00edas espirituales.<\/p>\n<p>Recibir\u00e1s gu\u00eda clara, resolver\u00e1s dudas y obtendr\u00e1s respuestas desde la luz divina.<\/p>\n<h3>Beneficios de esta lectura<\/h3>\n<ul>\n<li><i class=\"fa-solid fa-spa\"><\/i>Recibir\u00e1s una gu\u00eda clara y amorosa y espiritual.<\/li>\n<li><i class=\"fa-solid fa-spa\"><\/i>Aclarar\u00e1s cualquier inquietud o duda que tengas.<\/li>\n<li><i class=\"fa-solid fa-spa\"><\/i>Comprender\u00e1s que todo problema tiene soluci\u00f3n.<\/li>\n<li><i class=\"fa-solid fa-spa\"><\/i>Recordar\u00e1s que t\u00fa tienes el poder de crear tu destino.<\/li>\n<li><i class=\"fa-solid fa-spa\"><\/i>Vivir\u00e1s una experiencia llena de esperanza, paz y calma interior.<\/li>\n<li><i class=\"fa-solid fa-spa\"><\/i>Conectar\u00e1s con los mensajes de tus \u00e1ngeles y gu\u00edas espirituales.<\/li>\n<li><i class=\"fa-solid fa-spa\"><\/i>Te acercar\u00e1s a descubrir tu prop\u00f3sito de vida.<\/li>\n<li><i class=\"fa-solid fa-spa\"><\/i>Identificar\u00e1s bloqueos energ\u00e9ticos o emocionales que te impiden avanzar.<\/li>\n<\/ul>\n","protected":false},"excerpt":{"rendered":"<p class=\"age-lectura-text\">La lectura de tarot, acompa\u00f1ada por la amorosa conexi\u00f3n con los \u00e1ngeles, es una herramienta poderosa para brindarte claridad, gu\u00eda y entendimiento en tu camino. Durante la sesi\u00f3n, puedes hacer cualquier pregunta que te preocupe o te cause inquietud. Los mensajes que recibir\u00e1s estar\u00e1n llenos de luz, amor y sabidur\u00eda divina.<\/p>\n<p class=\"age-lectura-text\">Es importante saber que el tarot no predice el futuro de manera fija. M\u00e1s bien, es una gu\u00eda espiritual que ilumina tu presente y te muestra caminos y posibilidades. El tarot y el or\u00e1culo angelical te ayudar\u00e1n a tomar decisiones conscientes, desde el amor y la conexi\u00f3n con tu alma.<\/p>\n<p class=\"age-lectura-text\">Recordando siempre que<strong>\u00a0t\u00fa eres el creador de tu vida y el autor de tu destino<\/strong>.<\/p>\n","protected":false},"featured_media":45169,"comment_status":"open","ping_status":"closed","template":"","meta":{"_acf_changed":false},"product_brand":[],"product_cat":[77],"product_tag":[],"class_list":{"0":"post-34588","1":"product","2":"type-product","3":"status-publish","4":"has-post-thumbnail","6":"product_cat-servicios","8":"first","9":"instock","10":"virtual","11":"purchasable","12":"product-type-simple"},"acf":[],"_links":{"self":[{"href":"https:\/\/angelesconadriana.com\/es\/wp-json\/wp\/v2\/product\/34588","targetHints":{"allow":["GET"]}}],"collection":[{"href":"https:\/\/angelesconadriana.com\/es\/wp-json\/wp\/v2\/product"}],"about":[{"href":"https:\/\/angelesconadriana.com\/es\/wp-json\/wp\/v2\/types\/product"}],"replies":[{"embeddable":true,"href":"https:\/\/angelesconadriana.com\/es\/wp-json\/wp\/v2\/comments?post=34588"}],"version-history":[{"count":7,"href":"https:\/\/angelesconadriana.com\/es\/wp-json\/wp\/v2\/product\/34588\/revisions"}],"predecessor-version":[{"id":46000,"href":"https:\/\/angelesconadriana.com\/es\/wp-json\/wp\/v2\/product\/34588\/revisions\/46000"}],"wp:featuredmedia":[{"embeddable":true,"href":"https:\/\/angelesconadriana.com\/es\/wp-json\/wp\/v2\/media\/45169"}],"wp:attachment":[{"href":"https:\/\/angelesconadriana.com\/es\/wp-json\/wp\/v2\/media?parent=34588"}],"wp:term":[{"taxonomy":"product_brand","embeddable":true,"href":"https:\/\/angelesconadriana.com\/es\/wp-json\/wp\/v2\/product_brand?post=34588"},{"taxonomy":"product_cat","embeddable":true,"href":"https:\/\/angelesconadriana.com\/es\/wp-json\/wp\/v2\/product_cat?post=34588"},{"taxonomy":"product_tag","embeddable":true,"href":"https:\/\/angelesconadriana.com\/es\/wp-json\/wp\/v2\/product_tag?post=34588"}],"curies":[{"name":"wp","href":"https:\/\/api.w.org\/{rel}","templated":true}]}}