{"id":45193,"date":"2025-08-03T10:09:28","date_gmt":"2025-08-03T16:09:28","guid":{"rendered":"https:\/\/new.angelesconadriana.com\/?post_type=product&#038;p=45193"},"modified":"2026-03-05T17:19:36","modified_gmt":"2026-03-05T23:19:36","slug":"reiki-angelical","status":"publish","type":"product","link":"https:\/\/angelesconadriana.com\/es\/servicio\/reiki-angelical\/","title":{"rendered":"Reiki Angelical"},"content":{"rendered":"<h3>Beneficios de esta lectura<\/h3>\n<ul>\n<li><i class=\"fa-solid fa-spa\"><\/i>Libera bloqueos energ\u00e9ticos y emocionales profundos.<\/li>\n<li><i class=\"fa-solid fa-spa\"><\/i>Mejora la calidad del sue\u00f1o y reduce el insomnio.<\/li>\n<li><i class=\"fa-solid fa-spa\"><\/i>Potencia tu intuici\u00f3n y conexi\u00f3n con tus gu\u00edas.<\/li>\n<li><i class=\"fa-solid fa-spa\"><\/i>Aporta claridad mental y paz emocional.<\/li>\n<li><i class=\"fa-solid fa-spa\"><\/i>Promueve la autoaceptaci\u00f3n y el amor propio.<\/li>\n<li><i class=\"fa-solid fa-spa\"><\/i>Disminuye el estr\u00e9s, la ansiedad y los pensamientos repetitivos.<\/li>\n<li><i class=\"fa-solid fa-spa\"><\/i>Ayuda a perdonar y soltar el pasado.<\/li>\n<li><i class=\"fa-solid fa-spa\"><\/i>Alinea tu energ\u00eda con tu prop\u00f3sito de vida.<\/li>\n<li><i class=\"fa-solid fa-spa\"><\/i>Incrementa la sensaci\u00f3n de bienestar y equilibrio interior.<\/li>\n<\/ul>\n<h3>Cinco principios del Reiki Angelical<\/h3>\n<p><strong>Solo por hoy&#8230;<\/strong><\/p>\n<ul>\n<li><i class=\"fa-solid fa-spa\"><\/i>No me preocupar\u00e9, confiar\u00e9 en la gu\u00eda divina.<\/li>\n<li><i class=\"fa-solid fa-spa\"><\/i>No me enojar\u00e9, elegir\u00e9 la paz.<\/li>\n<li><i class=\"fa-solid fa-spa\"><\/i>Ser\u00e9 agradecida por todas las bendiciones.<\/li>\n<li><i class=\"fa-solid fa-spa\"><\/i>Har\u00e9 mi labor con amor y honestidad.<\/li>\n<li><i class=\"fa-solid fa-spa\"><\/i>Ser\u00e9 amable y compasiva con todos los seres.<\/li>\n<\/ul>\n","protected":false},"excerpt":{"rendered":"<p class=\"age-angelical-text\">El Reiki Angelical fusiona la energ\u00eda sanadora del Reiki Usui con la luz, la compasi\u00f3n y la sabidur\u00eda de los \u00e1ngeles.<\/p>\n<p class=\"age-angelical-text\">A trav\u00e9s de la imposici\u00f3n de manos, canalizo energ\u00eda universal y angelical para armonizar tu cuerpo, mente y esp\u00edritu.<\/p>\n<p class=\"age-angelical-text\">Esta terapia puede realizarse\u00a0<strong>presencial o a distancia<\/strong>, con la misma efectividad y profundidad.<\/p>\n<p class=\"age-angelical-text\">Cada sesi\u00f3n es una oportunidad para liberar bloqueos, sanar heridas y reconectar con tu esencia divina.<\/p>\n<p class=\"age-angelical-text\">Te acompa\u00f1ar\u00e9 en un proceso profundo de sanaci\u00f3n, abriendo tu canal espiritual y tu conexi\u00f3n con los \u00e1ngeles, para que puedas vivir con m\u00e1s plenitud, paz y prop\u00f3sito.<\/p>\n","protected":false},"featured_media":45167,"comment_status":"open","ping_status":"closed","template":"","meta":{"_acf_changed":false},"product_brand":[],"product_cat":[77],"product_tag":[],"class_list":{"0":"post-45193","1":"product","2":"type-product","3":"status-publish","4":"has-post-thumbnail","6":"product_cat-servicios","8":"first","9":"instock","10":"virtual","11":"purchasable","12":"product-type-simple"},"acf":[],"_links":{"self":[{"href":"https:\/\/angelesconadriana.com\/es\/wp-json\/wp\/v2\/product\/45193","targetHints":{"allow":["GET"]}}],"collection":[{"href":"https:\/\/angelesconadriana.com\/es\/wp-json\/wp\/v2\/product"}],"about":[{"href":"https:\/\/angelesconadriana.com\/es\/wp-json\/wp\/v2\/types\/product"}],"replies":[{"embeddable":true,"href":"https:\/\/angelesconadriana.com\/es\/wp-json\/wp\/v2\/comments?post=45193"}],"version-history":[{"count":4,"href":"https:\/\/angelesconadriana.com\/es\/wp-json\/wp\/v2\/product\/45193\/revisions"}],"predecessor-version":[{"id":45998,"href":"https:\/\/angelesconadriana.com\/es\/wp-json\/wp\/v2\/product\/45193\/revisions\/45998"}],"wp:featuredmedia":[{"embeddable":true,"href":"https:\/\/angelesconadriana.com\/es\/wp-json\/wp\/v2\/media\/45167"}],"wp:attachment":[{"href":"https:\/\/angelesconadriana.com\/es\/wp-json\/wp\/v2\/media?parent=45193"}],"wp:term":[{"taxonomy":"product_brand","embeddable":true,"href":"https:\/\/angelesconadriana.com\/es\/wp-json\/wp\/v2\/product_brand?post=45193"},{"taxonomy":"product_cat","embeddable":true,"href":"https:\/\/angelesconadriana.com\/es\/wp-json\/wp\/v2\/product_cat?post=45193"},{"taxonomy":"product_tag","embeddable":true,"href":"https:\/\/angelesconadriana.com\/es\/wp-json\/wp\/v2\/product_tag?post=45193"}],"curies":[{"name":"wp","href":"https:\/\/api.w.org\/{rel}","templated":true}]}}