{"id":45242,"date":"2025-08-03T11:27:57","date_gmt":"2025-08-03T17:27:57","guid":{"rendered":"https:\/\/new.angelesconadriana.com\/?post_type=product&#038;p=45242"},"modified":"2025-10-29T00:02:37","modified_gmt":"2025-10-29T06:02:37","slug":"coach-espiritual","status":"publish","type":"product","link":"https:\/\/angelesconadriana.com\/es\/servicio\/coach-espiritual\/","title":{"rendered":"Coach Espiritual"},"content":{"rendered":"<h3>Objetivos del Coach Espiritual<\/h3>\n<ul>\n<li><i class=\"fa-solid fa-spa\"><\/i>Guiarte hacia una conexi\u00f3n profunda con tu ser espiritual.<\/li>\n<li><i class=\"fa-solid fa-spa\"><\/i>Ayudarte a recordar que eres luz divina y mereces vivir en plenitud.<\/li>\n<li><i class=\"fa-solid fa-spa\"><\/i>Sanar heridas emocionales con amor, conciencia y compasi\u00f3n.<\/li>\n<li><i class=\"fa-solid fa-spa\"><\/i>Liberar bloqueos y creencias que limitan tu expansi\u00f3n.<\/li>\n<li><i class=\"fa-solid fa-spa\"><\/i>Conectarte con tu prop\u00f3sito de vida, tu sabidur\u00eda interior y tu poder creador.<\/li>\n<\/ul>\n<h3>Beneficios del Coaching Espiritual<\/h3>\n<ul>\n<li><i class=\"fa-solid fa-spa\"><\/i>Elevar\u00e1s tu bienestar f\u00edsico, emocional, mental y espiritual.<\/li>\n<li><i class=\"fa-solid fa-spa\"><\/i>Cambiar\u00e1s tu perspectiva y transformar\u00e1s tu forma de vivir.<\/li>\n<li><i class=\"fa-solid fa-spa\"><\/i>Revitalizar\u00e1s tu energ\u00eda y claridad para tomar decisiones.<\/li>\n<li><i class=\"fa-solid fa-spa\"><\/i>Mejorar\u00e1s tus relaciones, tu autoestima y tu conexi\u00f3n contigo.<\/li>\n<li><i class=\"fa-solid fa-spa\"><\/i>Aprender\u00e1s a gestionar tus emociones y mejorar h\u00e1bitos.<\/li>\n<li><i class=\"fa-solid fa-spa\"><\/i>Reconocer\u00e1s tu autenticidad y comenzar\u00e1s a vivir desde el amor.<\/li>\n<li><i class=\"fa-solid fa-spa\"><\/i>Aprender\u00e1s a soltar el pasado, no angustiarte por el futuro y vivir en el presente.<\/li>\n<\/ul>\n","protected":false},"excerpt":{"rendered":"<p class=\"age-coaching-text\">El coaching espiritual es un viaje profundo de transformaci\u00f3n interior. Te ayuda a reconectar con tu esencia divina, sanar heridas del pasado y elevar tu conciencia para vivir una vida m\u00e1s aut\u00e9ntica y alineada con tu alma.<\/p>\n<p class=\"age-coaching-text\">Juntas exploraremos tu historia, tus bloqueos, tus dones y tus posibilidades. Te entregar\u00e9 herramientas pr\u00e1cticas y espirituales que despertar\u00e1n tu poder interno y te abrir\u00e1n a nuevas formas de ver, sentir y crear tu vida.<\/p>\n<p class=\"age-coaching-text\">Y lo m\u00e1s bello de este proceso:\u00a0<strong>no estar\u00e1s sola<\/strong>, tus \u00e1ngeles te acompa\u00f1ar\u00e1n y guiar\u00e1n en cada paso.<\/p>\n","protected":false},"featured_media":45166,"comment_status":"open","ping_status":"closed","template":"","meta":{"_acf_changed":false},"product_brand":[],"product_cat":[77],"product_tag":[],"class_list":{"0":"post-45242","1":"product","2":"type-product","3":"status-publish","4":"has-post-thumbnail","6":"product_cat-servicios","8":"first","9":"instock","10":"virtual","11":"purchasable","12":"product-type-simple"},"acf":[],"_links":{"self":[{"href":"https:\/\/angelesconadriana.com\/es\/wp-json\/wp\/v2\/product\/45242","targetHints":{"allow":["GET"]}}],"collection":[{"href":"https:\/\/angelesconadriana.com\/es\/wp-json\/wp\/v2\/product"}],"about":[{"href":"https:\/\/angelesconadriana.com\/es\/wp-json\/wp\/v2\/types\/product"}],"replies":[{"embeddable":true,"href":"https:\/\/angelesconadriana.com\/es\/wp-json\/wp\/v2\/comments?post=45242"}],"version-history":[{"count":6,"href":"https:\/\/angelesconadriana.com\/es\/wp-json\/wp\/v2\/product\/45242\/revisions"}],"predecessor-version":[{"id":45996,"href":"https:\/\/angelesconadriana.com\/es\/wp-json\/wp\/v2\/product\/45242\/revisions\/45996"}],"wp:featuredmedia":[{"embeddable":true,"href":"https:\/\/angelesconadriana.com\/es\/wp-json\/wp\/v2\/media\/45166"}],"wp:attachment":[{"href":"https:\/\/angelesconadriana.com\/es\/wp-json\/wp\/v2\/media?parent=45242"}],"wp:term":[{"taxonomy":"product_brand","embeddable":true,"href":"https:\/\/angelesconadriana.com\/es\/wp-json\/wp\/v2\/product_brand?post=45242"},{"taxonomy":"product_cat","embeddable":true,"href":"https:\/\/angelesconadriana.com\/es\/wp-json\/wp\/v2\/product_cat?post=45242"},{"taxonomy":"product_tag","embeddable":true,"href":"https:\/\/angelesconadriana.com\/es\/wp-json\/wp\/v2\/product_tag?post=45242"}],"curies":[{"name":"wp","href":"https:\/\/api.w.org\/{rel}","templated":true}]}}