{"id":45254,"date":"2025-08-03T11:43:53","date_gmt":"2025-08-03T17:43:53","guid":{"rendered":"https:\/\/new.angelesconadriana.com\/?post_type=product&#038;p=45254"},"modified":"2025-10-24T18:55:13","modified_gmt":"2025-10-25T00:55:13","slug":"sesion-de-mediumnidad","status":"publish","type":"product","link":"https:\/\/angelesconadriana.com\/es\/servicio\/sesion-de-mediumnidad\/","title":{"rendered":"Sesi\u00f3n de Mediumnidad"},"content":{"rendered":"<h3>Beneficios de una Sesi\u00f3n de Mediumnidad<\/h3>\n<ul>\n<li><i class=\"fa-solid fa-spa\"><\/i>Sana heridas emocionales profundas.<\/li>\n<li><i class=\"fa-solid fa-spa\"><\/i>Brinda consuelo, paz y claridad.<\/li>\n<li><i class=\"fa-solid fa-spa\"><\/i>Te conecta con tus seres queridos desde el amor.<\/li>\n<li><i class=\"fa-solid fa-spa\"><\/i>Te ayuda a cerrar ciclos y avanzar en tu camino.<\/li>\n<li><i class=\"fa-solid fa-spa\"><\/i>Canaliza mensajes que alivian tu alma y expanden tu conciencia.<\/li>\n<li><i class=\"fa-solid fa-spa\"><\/i>Es una experiencia amorosa, transformadora y guiada por la luz divina.<\/li>\n<\/ul>\n","protected":false},"excerpt":{"rendered":"<p class=\"age-mediumnidad-text\"><strong><em>Conexi\u00f3n con el mundo espiritual.<\/em><\/strong><\/p>\n<p class=\"age-mediumnidad-text\">Como m\u00e9dium y ps\u00edquica intuitiva, tengo el don de conectar con el mundo espiritual y leer la energ\u00eda sutil que te rodea.<\/p>\n<p class=\"age-mediumnidad-text\">Soy un canal entre el plano f\u00edsico y el espiritual. A trav\u00e9s de esta conexi\u00f3n amorosa, puedo comunicarme con tus seres queridos que han partido, as\u00ed como recibir mensajes de tus \u00e1ngeles y gu\u00edas.<\/p>\n<p class=\"age-mediumnidad-text\">Esta sesi\u00f3n te ayudar\u00e1 a\u00a0<strong>cerrar ciclos, sanar duelos, encontrar paz y recibir respuestas desde el alma.<\/strong><\/p>\n<p class=\"age-mediumnidad-text\">Adem\u00e1s, a trav\u00e9s de mi percepci\u00f3n ps\u00edquica, recibir\u00e1s gu\u00eda energ\u00e9tica y emocional sobre tu momento actual, bloqueos presentes y los mensajes que tu alma necesita recordar.<\/p>\n","protected":false},"featured_media":45168,"comment_status":"open","ping_status":"closed","template":"","meta":{"_acf_changed":false},"product_brand":[],"product_cat":[77],"product_tag":[],"class_list":{"0":"post-45254","1":"product","2":"type-product","3":"status-publish","4":"has-post-thumbnail","6":"product_cat-servicios","8":"first","9":"instock","10":"virtual","11":"purchasable","12":"product-type-simple"},"acf":[],"_links":{"self":[{"href":"https:\/\/angelesconadriana.com\/es\/wp-json\/wp\/v2\/product\/45254","targetHints":{"allow":["GET"]}}],"collection":[{"href":"https:\/\/angelesconadriana.com\/es\/wp-json\/wp\/v2\/product"}],"about":[{"href":"https:\/\/angelesconadriana.com\/es\/wp-json\/wp\/v2\/types\/product"}],"replies":[{"embeddable":true,"href":"https:\/\/angelesconadriana.com\/es\/wp-json\/wp\/v2\/comments?post=45254"}],"version-history":[{"count":4,"href":"https:\/\/angelesconadriana.com\/es\/wp-json\/wp\/v2\/product\/45254\/revisions"}],"predecessor-version":[{"id":45993,"href":"https:\/\/angelesconadriana.com\/es\/wp-json\/wp\/v2\/product\/45254\/revisions\/45993"}],"wp:featuredmedia":[{"embeddable":true,"href":"https:\/\/angelesconadriana.com\/es\/wp-json\/wp\/v2\/media\/45168"}],"wp:attachment":[{"href":"https:\/\/angelesconadriana.com\/es\/wp-json\/wp\/v2\/media?parent=45254"}],"wp:term":[{"taxonomy":"product_brand","embeddable":true,"href":"https:\/\/angelesconadriana.com\/es\/wp-json\/wp\/v2\/product_brand?post=45254"},{"taxonomy":"product_cat","embeddable":true,"href":"https:\/\/angelesconadriana.com\/es\/wp-json\/wp\/v2\/product_cat?post=45254"},{"taxonomy":"product_tag","embeddable":true,"href":"https:\/\/angelesconadriana.com\/es\/wp-json\/wp\/v2\/product_tag?post=45254"}],"curies":[{"name":"wp","href":"https:\/\/api.w.org\/{rel}","templated":true}]}}