{"id":46523,"date":"2025-08-23T09:54:44","date_gmt":"2025-08-23T15:54:44","guid":{"rendered":"https:\/\/angelesconadriana.com\/?post_type=product&#038;p=46523"},"modified":"2025-08-23T10:24:08","modified_gmt":"2025-08-23T16:24:08","slug":"curso-entre-el-cielo-y-tu","status":"publish","type":"product","link":"https:\/\/angelesconadriana.com\/es\/servicio\/curso-entre-el-cielo-y-tu\/","title":{"rendered":"Curso: Entre el cielo y tu"},"content":{"rendered":"","protected":false},"excerpt":{"rendered":"<p>Este es un programa de conexi\u00f3n angelical creado para que puedas reconectar con tu alma, elevar tu energ\u00eda y abrirte a la gu\u00eda de los \u00e1ngeles desde cualquier lugar, en cualquier momento.<br \/>\nDurante 21 d\u00edas, caminar\u00e1s de la mano de los Arc\u00e1ngeles y tu \u00c1ngel de la Guarda a trav\u00e9s de meditaciones profundas, reflexiones, frases del alma y peque\u00f1os momentos de silencio que te ayudar\u00e1n a escuchar tu verdad interior.<\/p>\n","protected":false},"featured_media":46525,"comment_status":"open","ping_status":"closed","template":"","meta":{"_acf_changed":false},"product_brand":[],"product_cat":[22],"product_tag":[],"class_list":{"0":"post-46523","1":"product","2":"type-product","3":"status-publish","4":"has-post-thumbnail","6":"product_cat-uncategorized","8":"first","9":"instock","10":"virtual","11":"sold-individually","12":"purchasable","13":"product-type-simple"},"acf":[],"_links":{"self":[{"href":"https:\/\/angelesconadriana.com\/es\/wp-json\/wp\/v2\/product\/46523","targetHints":{"allow":["GET"]}}],"collection":[{"href":"https:\/\/angelesconadriana.com\/es\/wp-json\/wp\/v2\/product"}],"about":[{"href":"https:\/\/angelesconadriana.com\/es\/wp-json\/wp\/v2\/types\/product"}],"replies":[{"embeddable":true,"href":"https:\/\/angelesconadriana.com\/es\/wp-json\/wp\/v2\/comments?post=46523"}],"version-history":[{"count":3,"href":"https:\/\/angelesconadriana.com\/es\/wp-json\/wp\/v2\/product\/46523\/revisions"}],"predecessor-version":[{"id":46528,"href":"https:\/\/angelesconadriana.com\/es\/wp-json\/wp\/v2\/product\/46523\/revisions\/46528"}],"wp:featuredmedia":[{"embeddable":true,"href":"https:\/\/angelesconadriana.com\/es\/wp-json\/wp\/v2\/media\/46525"}],"wp:attachment":[{"href":"https:\/\/angelesconadriana.com\/es\/wp-json\/wp\/v2\/media?parent=46523"}],"wp:term":[{"taxonomy":"product_brand","embeddable":true,"href":"https:\/\/angelesconadriana.com\/es\/wp-json\/wp\/v2\/product_brand?post=46523"},{"taxonomy":"product_cat","embeddable":true,"href":"https:\/\/angelesconadriana.com\/es\/wp-json\/wp\/v2\/product_cat?post=46523"},{"taxonomy":"product_tag","embeddable":true,"href":"https:\/\/angelesconadriana.com\/es\/wp-json\/wp\/v2\/product_tag?post=46523"}],"curies":[{"name":"wp","href":"https:\/\/api.w.org\/{rel}","templated":true}]}}